

{"id":6890,"date":"2025-09-19T11:38:16","date_gmt":"2025-09-19T09:38:16","guid":{"rendered":"https:\/\/gothein.de\/reiseblog\/?page_id=6890"},"modified":"2025-09-19T14:16:07","modified_gmt":"2025-09-19T12:16:07","slug":"andorra-und-suedfrankreich-2025","status":"publish","type":"page","link":"https:\/\/gothein.de\/reiseblog\/andorra-und-suedfrankreich-2025\/","title":{"rendered":"Andorra und S\u00fcdfrankreich 2025"},"content":{"rendered":"\n<p>Nachdem die Pyren\u00e4en\u00fcberquerung letztes Jahr sehr sch\u00f6n war hatte wir in den DAV Ank\u00fcndigungen eine Wanderreise in den Pyren\u00e4en gesehen und uns da angemeldet. Nachdem ein Teil der Gruppe schon eine Woche unterwegs war mussten wir nach der ersten Etappe feststellen, dass wir nicht fit genug sind um da mitzuhalten und haben die Tour am zweiten Tag abgebrochen. <\/p>\n\n\n\n<p>Stattdessen haben wir einige sch\u00f6ne Tage in Narbonne, Montpellier, Toulouse und Ax-lex-Thermes verbracht. In Ax-les-Thermes  sind wir dann auch noch zum Wanderurlaub gekommen aber moderater und in unserem eigenen Rythmus.<\/p>\n\n\n<p><\/p>\n\n\n\n        <div id=\"map_ol3js_1\"\n             class=\"map undefined\"\n             data-map_name=\"undefined\"\n             data-map=\"map_ol3js_1\"\n             style=\"width:100%;\n                    max-width:100%;\n                    height:450px;\n                    display:block;\n                    overflow:hidden;\n                    border:2px solid grey;\">\n          <div id=\"map_ol3js_1_popup\" class=\"ol-popup\">\n            <a href=\"#\" id=\"map_ol3js_1_popup-closer\" class=\"ol-popup-closer\"><\/a>\n            <div id=\"map_ol3js_1_popup-content\"><\/div>\n          <\/div>\n        <\/div>\n    \n\n\t\t\t\t<script type=\"text\/javascript\">\n\t\t\t\t\ttranslations['openlayer'] = \"open layer\";\n\t\t\t\t\ttranslations['openlayerAtStartup'] = \"open layer at startup\";\n\t\t\t\t\ttranslations['generateLink'] = \"Der Link zur Karte mit ausgew\u00e4hlten Overlays und angezeigtem Ausschnitt\";\n\t\t\t\t\ttranslations['shortDescription'] = \"Kurzbeschreibung\";\n\t\t\t\t\ttranslations['generatedShortCode'] = \"to get a text control link paste this code in your wordpress editor\";\n\t\t\t\t\ttranslations['closeLayer'] = \"close layer\";\n\t\t\t\t\ttranslations['cantGenerateLink'] = \"put this string in the existing map short code to control this map\";\n\t\t\t  <\/script>\n\n\n\t\t\t  <script type=\"text\/javascript\">\n\t\t\t  vectorM['map_ol3js_1'] = [];\n\t        \n        var raster = getTileLayer(\"osm\",\"NoKey\");\t\t\t\n\n\t\t\t  var map_ol3js_1 = new ol.Map({\n\t\t\t\tinteractions: ol.interaction.defaults.defaults({mouseWheelZoom:false}),\n\t\t\t\tlayers: [raster],\n\t\t\t\ttarget: \"map_ol3js_1\",\n\t\t\t\tview: new ol.View({\n\t\t\t\t  center: ol.proj.transform([6.378,58.213], \"EPSG:4326\", \"EPSG:3857\"),\n\t\t\t\t  zoom: 9\n\t\t\t\t})\n\t\t\t  });\n\t\t\t  \n    var style0 = {\n      \"Point\": [new ol.style.Style({\n\n          image: new ol.style.Icon({\n            anchor: [0.5, 41],\n            anchorXUnits: \"fraction\",\n            anchorYUnits: \"pixels\",\n            opacity: 0.75,\n            src: \"https:\/\/gothein.de\/reiseblog\/wp-content\/plugins\/osm\/icons\/mic_blue_pinother_02.png\"\n          })\n      })],\n\n      \"LineString\": [new ol.style.Style({\n        stroke: new ol.style.Stroke({\n          color: \"blue\",\n          width: 8\n        })\n      })],\n      \"MultiLineString\": [new ol.style.Style({\n        stroke: new ol.style.Stroke({\n          color: \"blue\",\n          width: 4\n        })\n      })]\n    };\n\t\t  vectorL0 = new ol.layer.Vector({\n\n\t\t\tsource: new ol.source.Vector({\n\t\t  url:\"\/reiseblog\/wp-content\/uploads\/gpx\/2025_SuedFrankreich.kml\",\n\t\t\t  format: new ol.format.KML({ showPointNames: false})\n\t\t\t}),\n         zIndex: 92\n\t\t  });map_ol3js_1.addLayer(vectorL0);\n      var extension1 = ol.extent.createEmpty();\n      var curZoom1 = map_ol3js_1.getView().getZoom();\n\n      map_ol3js_1.getLayers().forEach(function(layer){\n         if(!layer.get(\"id\")) {     \n            layer.once(\"change\", function(e){\n               ol.extent.extend(extension1, (layer.getSource().getExtent()));\n               map_ol3js_1.getView().fit(extension1, {padding: [50, 50, 50, 50]});\n            });\n         }\n      });\n\n    \naddControls2Map(map_ol3js_1,0,0,3,0,5,6,7,0,1);\nosm_addPopupClickhandler(map_ol3js_1,  \"map_ol3js_1\"); \nosm_addMouseHover(map_ol3js_1); <\/script>\n\n\n\n<p>Durch die Regierungskrise in Frankreich wegen Sparma\u00dfnahmen und \u00dcberschuldung haben wir in Montpellier die Proteste ziemlich nah erlebt. Auch f\u00fcr unseren Abreisetag waren Totalblockaden angek\u00fcndigt, wovon wir letztlich dann aber doch nichts gemerkt hatten. Die R\u00fcckreise hat reibungslos geklappt.<\/p>\n\n\n\n<p>Etappen:<\/p>\n\n\n<!-- wp:table -->\n<figure class=\"wp-block-table\">\n<table><tbody><tr><th>Datum<\/th><th>Titel<\/th><th class=\"has-text-align-right\" data-align=\"right\">Distanz<\/th><th class=\"has-text-align-right\" data-align=\"right\">H\u00f6henmeter<\/th><\/tr>\n                    <tr>\n                        <td>2025-09-06<\/td>\n                        <td><a href=\"https:\/\/gothein.de\/reiseblog\/2025\/09\/06\/spaziergang-durch-toulouse\/\">Spaziergang durch Toulouse<\/a><\/td>\n                        <td class=\"has-text-align-right\" data-align=\"right\">   5<\/td>\n                        <td class=\"has-text-align-right\" data-align=\"right\">  62<\/td>\n                    <\/tr>\n                    <tr>\n                        <td>2025-09-07<\/td>\n                        <td><a href=\"https:\/\/gothein.de\/reiseblog\/2025\/09\/07\/von-soldeu-nach-refugio-sorteny\/\">Von Soldeu nach Refugio Sorteny<\/a><\/td>\n                        <td class=\"has-text-align-right\" data-align=\"right\">  17<\/td>\n                        <td class=\"has-text-align-right\" data-align=\"right\">1553<\/td>\n                    <\/tr>\n                    <tr>\n                        <td>2025-09-08<\/td>\n                        <td><a href=\"https:\/\/gothein.de\/reiseblog\/2025\/09\/08\/von-refugio-sorteny-nach-la-vela\/\">Von Refugio Sorteny nach La Vela<\/a><\/td>\n                        <td class=\"has-text-align-right\" data-align=\"right\">   3<\/td>\n                        <td class=\"has-text-align-right\" data-align=\"right\">   6<\/td>\n                    <\/tr>\n                    <tr>\n                        <td>2025-09-09<\/td>\n                        <td><a href=\"https:\/\/gothein.de\/reiseblog\/2025\/09\/09\/narbonne-und-narbonne-plage\/\">Narbonne und Narbonne Plage<\/a><\/td>\n                        <td class=\"has-text-align-right\" data-align=\"right\">  55<\/td>\n                        <td class=\"has-text-align-right\" data-align=\"right\"> 338<\/td>\n                    <\/tr>\n                    <tr>\n                        <td>2025-09-10<\/td>\n                        <td><a href=\"https:\/\/gothein.de\/reiseblog\/2025\/09\/10\/rundgang-durch-montpellier\/\">Rundgang durch Montpellier<\/a><\/td>\n                        <td class=\"has-text-align-right\" data-align=\"right\">  11<\/td>\n                        <td class=\"has-text-align-right\" data-align=\"right\"> 137<\/td>\n                    <\/tr>\n                    <tr>\n                        <td>2025-09-11<\/td>\n                        <td><a href=\"https:\/\/gothein.de\/reiseblog\/2025\/09\/11\/spaziergang-in-ax-les-thermes\/\">Spaziergang in Ax-les-Thermes<\/a><\/td>\n                        <td class=\"has-text-align-right\" data-align=\"right\">   2<\/td>\n                        <td class=\"has-text-align-right\" data-align=\"right\">  60<\/td>\n                    <\/tr>\n                    <tr>\n                        <td>2025-09-12<\/td>\n                        <td><a href=\"https:\/\/gothein.de\/reiseblog\/2025\/09\/12\/ax-les-thermes-nach-ax-3-domaines\/\">Ax-les-Thermes nach Ax 3 Domaines<\/a><\/td>\n                        <td class=\"has-text-align-right\" data-align=\"right\">  17<\/td>\n                        <td class=\"has-text-align-right\" data-align=\"right\"> 887<\/td>\n                    <\/tr>\n                    <tr>\n                        <td>2025-09-14<\/td>\n                        <td><a href=\"https:\/\/gothein.de\/reiseblog\/2025\/09\/14\/ax-les-thermes-zum-refuge-chioula\/\">Ax-les-Thermes zum Refuge Chioula<\/a><\/td>\n                        <td class=\"has-text-align-right\" data-align=\"right\">  23<\/td>\n                        <td class=\"has-text-align-right\" data-align=\"right\">1111<\/td>\n                    <\/tr>\n                    <tr>\n                        <td>2025-09-15<\/td>\n                        <td><a href=\"https:\/\/gothein.de\/reiseblog\/2025\/09\/15\/ax-les-thermes-ueber-den-col-de-losque\/\">Ax-les-Thermes \u00fcber den Col de l\u2019Osque<\/a><\/td>\n                        <td class=\"has-text-align-right\" data-align=\"right\">  24<\/td>\n                        <td class=\"has-text-align-right\" data-align=\"right\"> 930<\/td>\n                    <\/tr>\n                    <tr>\n                        <td>2025-09-16<\/td>\n                        <td><a href=\"https:\/\/gothein.de\/reiseblog\/2025\/09\/16\/ax-les-thermes-nach-vaychis\/\">Ax-les-Thermes nach Vaychis<\/a><\/td>\n                        <td class=\"has-text-align-right\" data-align=\"right\">  14<\/td>\n                        <td class=\"has-text-align-right\" data-align=\"right\"> 518<\/td>\n                    <\/tr>\n                    <tr>\n                        <td>2025-09-17<\/td>\n                        <td><a href=\"https:\/\/gothein.de\/reiseblog\/2025\/09\/17\/toulouse-noch-ein-spaziergang\/\">Toulouse noch ein Spaziergang<\/a><\/td>\n                        <td class=\"has-text-align-right\" data-align=\"right\">  10<\/td>\n                        <td class=\"has-text-align-right\" data-align=\"right\">  75<\/td>\n                    <\/tr><tr><th><\/th>\n                <th>Gesamt<\/th>\n                    <th class=\"has-text-align-right\" data-align=\"right\">   181<\/th>\n                    <th class=\"has-text-align-right\" data-align=\"right\">  5677<\/th>\n                <\/tr>\n                <\/tbody>\n                <\/table>\n<\/figure>\n<!-- \/wp:table -->\n\n","protected":false},"excerpt":{"rendered":"<p>Nachdem die Pyren\u00e4en\u00fcberquerung letztes Jahr sehr sch\u00f6n war hatte wir in den DAV Ank\u00fcndigungen eine Wanderreise in den Pyren\u00e4en gesehen und uns da angemeldet. Nachdem ein Teil der Gruppe schon eine Woche unterwegs war mussten wir nach der ersten Etappe feststellen, dass wir nicht fit genug sind um da mitzuhalten und haben die Tour am [&hellip;]<\/p>\n","protected":false},"author":1,"featured_media":0,"parent":0,"menu_order":0,"comment_status":"closed","ping_status":"closed","template":"","meta":{"ngg_post_thumbnail":0,"footnotes":""},"class_list":["post-6890","page","type-page","status-publish","hentry"],"jetpack_sharing_enabled":true,"_links":{"self":[{"href":"https:\/\/gothein.de\/reiseblog\/wp-json\/wp\/v2\/pages\/6890","targetHints":{"allow":["GET"]}}],"collection":[{"href":"https:\/\/gothein.de\/reiseblog\/wp-json\/wp\/v2\/pages"}],"about":[{"href":"https:\/\/gothein.de\/reiseblog\/wp-json\/wp\/v2\/types\/page"}],"author":[{"embeddable":true,"href":"https:\/\/gothein.de\/reiseblog\/wp-json\/wp\/v2\/users\/1"}],"replies":[{"embeddable":true,"href":"https:\/\/gothein.de\/reiseblog\/wp-json\/wp\/v2\/comments?post=6890"}],"version-history":[{"count":0,"href":"https:\/\/gothein.de\/reiseblog\/wp-json\/wp\/v2\/pages\/6890\/revisions"}],"wp:attachment":[{"href":"https:\/\/gothein.de\/reiseblog\/wp-json\/wp\/v2\/media?parent=6890"}],"curies":[{"name":"wp","href":"https:\/\/api.w.org\/{rel}","templated":true}]}}