



{"id":5962,"date":"2024-06-19T17:34:32","date_gmt":"2024-06-19T15:34:32","guid":{"rendered":"https:\/\/gothein.de\/reiseblog\/?page_id=5962"},"modified":"2024-07-08T20:18:00","modified_gmt":"2024-07-08T18:18:00","slug":"2024-durch-die-pyrenaeen","status":"publish","type":"page","link":"https:\/\/gothein.de\/reiseblog\/reisen\/2024-durch-die-pyrenaeen\/","title":{"rendered":"Quer durch die Pyren\u00e4en im Juni 2024"},"content":{"rendered":"\n<p>Im Juni 2024 geht es mit dem Fahrrad quer durch die Pyren\u00e4en. Nachdem das Fr\u00fchjahr von Erk\u00e4ltung und schlechtem Wetter gepr\u00e4gt war habe ich mich irgendwann relativ kurzfristig entschlossen eine Pyren\u00e4en\u00fcberquerung anzugehen auch wenn mein Trainingszustand f\u00fcr die vielen H\u00f6henmeter eigentlich noch nicht so optimal war.<\/p>\n\n\n\n<p>In einen gebrauchten Fahrradkarton vom Radh\u00e4ndler im Ort werden Rad und Taschen verpackt. Mit dem Zug bis Frankfurt von dort mit der Regiobahn zum Flughafen und schlie\u00dflich mit dem Flugzeug nach Biarritz. Dort kann ich den Karton am Flughafen lassen und starte am n\u00e4chsten Tag auf die erste Etappe. In weiteren 12 Etappen erreiche ich das Mittelmeer und schlage mein Quartier in Banjuls-sur-Mer auf. IN weiteren zwei Etappen erreiche ich Girona. Von dort fliege ich mit dem Flugzeug  wieder nach Baden-Baden Karlsruhe zur\u00fcck und den Rest wieder mit dem Rad und der Bahn.<\/p>\n\n\n\n<p>Das Wetter hat meistens mitgespielt, aber ich habe auch einen \u00fcblen Regentag und durchwachsenes Wetter erlebt. Die Quartiere bis Prades hatte ich vorgebucht. Die Reise verlief pannenfrei und planungsgem\u00e4\u00df.  Ich habe jedes Ziel rechtzeitig erreicht. Der Verkehr war meistens moderat aber es gibt auch einige stark befahrene Strecken und insbesondere die vielen Motorr\u00e4der sind anstrengend. <\/p>\n\n\n\n<p>Die Aussichten und die Berge sind traumhaft, allerdings muss man sich schon auf sehr steile Passagen einstellen.<\/p>\n\n\n\n<h3 class=\"wp-block-heading\">Die einzelnen Etappen<\/h3>\n\n\n<p><\/p>\n\n\n\n        <div id=\"map_ol3js_1\"\n             class=\"map undefined\"\n             data-map_name=\"undefined\"\n             data-map=\"map_ol3js_1\"\n             style=\"width:100%;\n                    max-width:100%;\n                    height:450px;\n                    display:block;\n                    overflow:hidden;\n                    border:2px solid grey;\">\n          <div id=\"map_ol3js_1_popup\" class=\"ol-popup\">\n            <a href=\"#\" id=\"map_ol3js_1_popup-closer\" class=\"ol-popup-closer\"><\/a>\n            <div id=\"map_ol3js_1_popup-content\"><\/div>\n          <\/div>\n        <\/div>\n    \n\n\t\t\t\t<script type=\"text\/javascript\">\n\t\t\t\t\ttranslations['openlayer'] = \"open layer\";\n\t\t\t\t\ttranslations['openlayerAtStartup'] = \"open layer at startup\";\n\t\t\t\t\ttranslations['generateLink'] = \"Der Link zur Karte mit ausgew\u00e4hlten Overlays und angezeigtem Ausschnitt\";\n\t\t\t\t\ttranslations['shortDescription'] = \"Kurzbeschreibung\";\n\t\t\t\t\ttranslations['generatedShortCode'] = \"to get a text control link paste this code in your wordpress editor\";\n\t\t\t\t\ttranslations['closeLayer'] = \"close layer\";\n\t\t\t\t\ttranslations['cantGenerateLink'] = \"put this string in the existing map short code to control this map\";\n\t\t\t  <\/script>\n\n\n\t\t\t  <script type=\"text\/javascript\">\n\t\t\t  vectorM['map_ol3js_1'] = [];\n\t        \n        var raster = getTileLayer(\"osm\",\"NoKey\");\t\t\t\n\n\t\t\t  var map_ol3js_1 = new ol.Map({\n\t\t\t\tinteractions: ol.interaction.defaults.defaults({mouseWheelZoom:false}),\n\t\t\t\tlayers: [raster],\n\t\t\t\ttarget: \"map_ol3js_1\",\n\t\t\t\tview: new ol.View({\n\t\t\t\t  center: ol.proj.transform([6.378,58.213], \"EPSG:4326\", \"EPSG:3857\"),\n\t\t\t\t  zoom: 9\n\t\t\t\t})\n\t\t\t  });\n\t\t\t  \n    var style0 = {\n      \"Point\": [new ol.style.Style({\n\n          image: new ol.style.Icon({\n            anchor: [0.5, 41],\n            anchorXUnits: \"fraction\",\n            anchorYUnits: \"pixels\",\n            opacity: 0.75,\n            src: \"https:\/\/gothein.de\/reiseblog\/wp-content\/plugins\/osm\/icons\/mic_blue_pinother_02.png\"\n          })\n      })],\n\n      \"LineString\": [new ol.style.Style({\n        stroke: new ol.style.Stroke({\n          color: \"blue\",\n          width: 8\n        })\n      })],\n      \"MultiLineString\": [new ol.style.Style({\n        stroke: new ol.style.Stroke({\n          color: \"blue\",\n          width: 4\n        })\n      })]\n    };\n\t\t  vectorL0 = new ol.layer.Vector({\n\n\t\t\tsource: new ol.source.Vector({\n\t\t  url:\"\/reiseblog\/wp-content\/uploads\/gpx\/2024_Pyrenaen_01.kml\",\n\t\t\t  format: new ol.format.KML({ showPointNames: false})\n\t\t\t}),\n         zIndex: 92\n\t\t  });map_ol3js_1.addLayer(vectorL0);\n      var extension1 = ol.extent.createEmpty();\n      var curZoom1 = map_ol3js_1.getView().getZoom();\n\n      map_ol3js_1.getLayers().forEach(function(layer){\n         if(!layer.get(\"id\")) {     \n            layer.once(\"change\", function(e){\n               ol.extent.extend(extension1, (layer.getSource().getExtent()));\n               map_ol3js_1.getView().fit(extension1, {padding: [50, 50, 50, 50]});\n            });\n         }\n      });\n\n    \naddControls2Map(map_ol3js_1,0,0,3,0,5,6,7,0,1);\nosm_addPopupClickhandler(map_ol3js_1,  \"map_ol3js_1\"); \nosm_addMouseHover(map_ol3js_1); <\/script>\n\n\n\n<p><\/p>\n\n\n<!-- wp:table -->\n<figure class=\"wp-block-table\">\n<table><tbody><tr><th>Datum<\/th><th>Titel<\/th><th class=\"has-text-align-right\" data-align=\"right\">Distanz<\/th><th class=\"has-text-align-right\" data-align=\"right\">H\u00f6henmeter<\/th><\/tr>\n                    <tr>\n                        <td>2024-06-15<\/td>\n                        <td><a href=\"https:\/\/gothein.de\/reiseblog\/2024\/06\/15\/nach-biarritz\/\">Nach Biarritz<\/a><\/td>\n                        <td class=\"has-text-align-right\" data-align=\"right\">   3<\/td>\n                        <td class=\"has-text-align-right\" data-align=\"right\">   4<\/td>\n                    <\/tr>\n                    <tr>\n                        <td>2024-06-16<\/td>\n                        <td><a href=\"https:\/\/gothein.de\/reiseblog\/2024\/06\/16\/von-biarritz-nach-saint-jean-pied-de-port\/\">Von Biarritz nach Saint-Jean-Pied-de-Port<\/a><\/td>\n                        <td class=\"has-text-align-right\" data-align=\"right\">  78<\/td>\n                        <td class=\"has-text-align-right\" data-align=\"right\">1538<\/td>\n                    <\/tr>\n                    <tr>\n                        <td>2024-06-17<\/td>\n                        <td><a href=\"https:\/\/gothein.de\/reiseblog\/2024\/06\/17\/von-saint-jean-pied-de-port-nach-larrau\/\">Von Saint-Jean-Pied-de-Port nach Larrau<\/a><\/td>\n                        <td class=\"has-text-align-right\" data-align=\"right\">  45<\/td>\n                        <td class=\"has-text-align-right\" data-align=\"right\">1524<\/td>\n                    <\/tr>\n                    <tr>\n                        <td>2024-06-18<\/td>\n                        <td><a href=\"https:\/\/gothein.de\/reiseblog\/2024\/06\/18\/von-larrau-nach-oloron-sainte-marie\/\">Von Larrau nach Oloron-Sainte-Marie<\/a><\/td>\n                        <td class=\"has-text-align-right\" data-align=\"right\">  70<\/td>\n                        <td class=\"has-text-align-right\" data-align=\"right\">1322<\/td>\n                    <\/tr>\n                    <tr>\n                        <td>2024-06-19<\/td>\n                        <td><a href=\"https:\/\/gothein.de\/reiseblog\/2024\/06\/19\/von-oloron-sainte-marie-nach-laruns\/\">Von Oloron-Sainte-Marie nach Laruns<\/a><\/td>\n                        <td class=\"has-text-align-right\" data-align=\"right\">  43<\/td>\n                        <td class=\"has-text-align-right\" data-align=\"right\">1040<\/td>\n                    <\/tr>\n                    <tr>\n                        <td>2024-06-20<\/td>\n                        <td><a href=\"https:\/\/gothein.de\/reiseblog\/2024\/06\/20\/von-laruns-nach-argeles-gazost\/\">Von Laruns nach Argel\u00e8s-Gazost<\/a><\/td>\n                        <td class=\"has-text-align-right\" data-align=\"right\">  47<\/td>\n                        <td class=\"has-text-align-right\" data-align=\"right\">1367<\/td>\n                    <\/tr>\n                    <tr>\n                        <td>2024-06-21<\/td>\n                        <td><a href=\"https:\/\/gothein.de\/reiseblog\/2024\/06\/21\/von-argeles-gazost-nach-arreau\/\">Von Argel\u00e8s-Gazost nach Arreau<\/a><\/td>\n                        <td class=\"has-text-align-right\" data-align=\"right\">  72<\/td>\n                        <td class=\"has-text-align-right\" data-align=\"right\">1531<\/td>\n                    <\/tr>\n                    <tr>\n                        <td>2024-06-22<\/td>\n                        <td><a href=\"https:\/\/gothein.de\/reiseblog\/2024\/06\/22\/von-arreau-nach-cierp-gaud\/\">Von Arreau nach Cierp-Gaud<\/a><\/td>\n                        <td class=\"has-text-align-right\" data-align=\"right\">  75<\/td>\n                        <td class=\"has-text-align-right\" data-align=\"right\">1659<\/td>\n                    <\/tr>\n                    <tr>\n                        <td>2024-06-23<\/td>\n                        <td><a href=\"https:\/\/gothein.de\/reiseblog\/2024\/06\/23\/von-cierp-gaud-nach-castillon\/\">Von Cierp-Gaud nach Castillon-en-Couserans<\/a><\/td>\n                        <td class=\"has-text-align-right\" data-align=\"right\">  52<\/td>\n                        <td class=\"has-text-align-right\" data-align=\"right\">1468<\/td>\n                    <\/tr>\n                    <tr>\n                        <td>2024-06-24<\/td>\n                        <td><a href=\"https:\/\/gothein.de\/reiseblog\/2024\/06\/24\/von-castillon-en-couserans-nach-aulus-les-bains\/\">Von Castillon-en-Couserans nach Aulus-les-Bains<\/a><\/td>\n                        <td class=\"has-text-align-right\" data-align=\"right\">  54<\/td>\n                        <td class=\"has-text-align-right\" data-align=\"right\">1519<\/td>\n                    <\/tr>\n                    <tr>\n                        <td>2024-06-25<\/td>\n                        <td><a href=\"https:\/\/gothein.de\/reiseblog\/2024\/06\/25\/von-aulus-les-bains-nach-ax-les-thermes\/\">Von Aulus-les-Bains nach Ax-les-Thermes<\/a><\/td>\n                        <td class=\"has-text-align-right\" data-align=\"right\">  74<\/td>\n                        <td class=\"has-text-align-right\" data-align=\"right\">1511<\/td>\n                    <\/tr>\n                    <tr>\n                        <td>2024-06-26<\/td>\n                        <td><a href=\"https:\/\/gothein.de\/reiseblog\/2024\/06\/26\/von-ax-les-thermes-nach-prades\/\">Von Ax-les-Thermes nach Prades<\/a><\/td>\n                        <td class=\"has-text-align-right\" data-align=\"right\">  95<\/td>\n                        <td class=\"has-text-align-right\" data-align=\"right\">2562<\/td>\n                    <\/tr>\n                    <tr>\n                        <td>2024-06-27<\/td>\n                        <td><a href=\"https:\/\/gothein.de\/reiseblog\/2024\/06\/27\/von-prades-nach-banyuls-sur-mer\/\">Von Prades nach Banyuls-sur-Mer<\/a><\/td>\n                        <td class=\"has-text-align-right\" data-align=\"right\">  82<\/td>\n                        <td class=\"has-text-align-right\" data-align=\"right\"> 569<\/td>\n                    <\/tr>\n                    <tr>\n                        <td>2024-06-28<\/td>\n                        <td><a href=\"https:\/\/gothein.de\/reiseblog\/2024\/06\/28\/in-banyuls-sur-mer\/\">In Banyuls-sur-Mer<\/a><\/td>\n                        <td class=\"has-text-align-right\" data-align=\"right\">   6<\/td>\n                        <td class=\"has-text-align-right\" data-align=\"right\"> 108<\/td>\n                    <\/tr>\n                    <tr>\n                        <td>2024-06-29<\/td>\n                        <td><a href=\"https:\/\/gothein.de\/reiseblog\/2024\/06\/29\/von-banyuls-sur-mer-nach-figueres\/\">Von Banyuls-sur-Mer nach Figueres<\/a><\/td>\n                        <td class=\"has-text-align-right\" data-align=\"right\">  40<\/td>\n                        <td class=\"has-text-align-right\" data-align=\"right\"> 553<\/td>\n                    <\/tr>\n                    <tr>\n                        <td>2024-06-30<\/td>\n                        <td><a href=\"https:\/\/gothein.de\/reiseblog\/2024\/06\/30\/von-figueres-nach-girona\/\">Von Figueres nach Girona<\/a><\/td>\n                        <td class=\"has-text-align-right\" data-align=\"right\">  40<\/td>\n                        <td class=\"has-text-align-right\" data-align=\"right\"> 421<\/td>\n                    <\/tr><tr><th><\/th>\n                <th>Gesamt<\/th>\n                    <th class=\"has-text-align-right\" data-align=\"right\">   876<\/th>\n                    <th class=\"has-text-align-right\" data-align=\"right\"> 18696<\/th>\n                <\/tr>\n                <\/tbody>\n                <\/table>\n<\/figure>\n<!-- \/wp:table -->\n\n\n\n\n<p>Spa\u00dfeshalber habe ich ein kleines Programm geschrieben, welches sich die jeweiligen Peaks in den gpx Dateien sucht und f\u00fcr die zugeh\u00f6rigen Koordinaten per reverse geocoding die Adresse findet. Mit der Python Bibliothek scipy und der find-peaks Funktion wurde ich f\u00fcndig. Mit dem Prominenz-Parameter kann ausgesteuert werden, welche Art oder Prominenz der Erhebung gefunden werden soll. Damit habe ich gute Ergebnisse erzielt. Das Nomination API von OSM hat zwar f\u00fcr alles eine Adresse gefunden, aber leider nicht die richtigen Bezeichnungen der P\u00e4sse. So musste ich doch von Hand nacharbeiten. Wer dazu was braucht, gerne melden.<\/p>\n\n\n\n<h3 class=\"wp-block-heading\">Die P\u00e4sse auf dem Weg<\/h3>\n\n\n\n        <div id=\"map_ol3js_2\"\n             class=\"map undefined\"\n             data-map_name=\"undefined\"\n             data-map=\"map_ol3js_2\"\n             style=\"width:100%;\n                    max-width:100%;\n                    height:450px;\n                    display:block;\n                    overflow:hidden;\n                    border:2px solid grey;\">\n          <div id=\"map_ol3js_2_popup\" class=\"ol-popup\">\n            <a href=\"#\" id=\"map_ol3js_2_popup-closer\" class=\"ol-popup-closer\"><\/a>\n            <div id=\"map_ol3js_2_popup-content\"><\/div>\n          <\/div>\n        <\/div>\n    \n\n\t\t\t\t<script type=\"text\/javascript\">\n\t\t\t\t\ttranslations['openlayer'] = \"open layer\";\n\t\t\t\t\ttranslations['openlayerAtStartup'] = \"open layer at startup\";\n\t\t\t\t\ttranslations['generateLink'] = \"Der Link zur Karte mit ausgew\u00e4hlten Overlays und angezeigtem Ausschnitt\";\n\t\t\t\t\ttranslations['shortDescription'] = \"Kurzbeschreibung\";\n\t\t\t\t\ttranslations['generatedShortCode'] = \"to get a text control link paste this code in your wordpress editor\";\n\t\t\t\t\ttranslations['closeLayer'] = \"close layer\";\n\t\t\t\t\ttranslations['cantGenerateLink'] = \"put this string in the existing map short code to control this map\";\n\t\t\t  <\/script>\n\n\n\t\t\t  <script type=\"text\/javascript\">\n\t\t\t  vectorM['map_ol3js_2'] = [];\n\t        \n        var raster = getTileLayer(\"osm\",\"NoKey\");\t\t\t\n\n\t\t\t  var map_ol3js_2 = new ol.Map({\n\t\t\t\tinteractions: ol.interaction.defaults.defaults({mouseWheelZoom:false}),\n\t\t\t\tlayers: [raster],\n\t\t\t\ttarget: \"map_ol3js_2\",\n\t\t\t\tview: new ol.View({\n\t\t\t\t  center: ol.proj.transform([6.378,58.213], \"EPSG:4326\", \"EPSG:3857\"),\n\t\t\t\t  zoom: 9\n\t\t\t\t})\n\t\t\t  });\n\t\t\t  \n    var style0 = {\n      \"Point\": [new ol.style.Style({\n\n          image: new ol.style.Icon({\n            anchor: [0.5, 41],\n            anchorXUnits: \"fraction\",\n            anchorYUnits: \"pixels\",\n            opacity: 0.75,\n            src: \"https:\/\/gothein.de\/reiseblog\/wp-content\/plugins\/osm\/icons\/mic_blue_pinother_02.png\"\n          })\n      })],\n\n      \"LineString\": [new ol.style.Style({\n        stroke: new ol.style.Stroke({\n          color: \"blue\",\n          width: 8\n        })\n      })],\n      \"MultiLineString\": [new ol.style.Style({\n        stroke: new ol.style.Stroke({\n          color: \"blue\",\n          width: 4\n        })\n      })]\n    };\n\t\t  vectorL0 = new ol.layer.Vector({\n\n\t\t\tsource: new ol.source.Vector({\n\t\t  url:\"\/reiseblog\/wp-content\/uploads\/gpx\/2024_col_pyrenees.kml\",\n\t\t\t  format: new ol.format.KML({ showPointNames: false})\n\t\t\t}),\n         zIndex: 92\n\t\t  });map_ol3js_2.addLayer(vectorL0);\n      var extension2 = ol.extent.createEmpty();\n      var curZoom2 = map_ol3js_2.getView().getZoom();\n\n      map_ol3js_2.getLayers().forEach(function(layer){\n         if(!layer.get(\"id\")) {     \n            layer.once(\"change\", function(e){\n               ol.extent.extend(extension2, (layer.getSource().getExtent()));\n               map_ol3js_2.getView().fit(extension2, {padding: [50, 50, 50, 50]});\n            });\n         }\n      });\n\n    \naddControls2Map(map_ol3js_2,0,0,3,0,5,6,7,0,1);\nosm_addPopupClickhandler(map_ol3js_2,  \"map_ol3js_2\"); \nosm_addMouseHover(map_ol3js_2); <\/script>\n","protected":false},"excerpt":{"rendered":"<p>Im Juni 2024 geht es mit dem Fahrrad quer durch die Pyren\u00e4en. Nachdem das Fr\u00fchjahr von Erk\u00e4ltung und schlechtem Wetter gepr\u00e4gt war habe ich mich irgendwann relativ kurzfristig entschlossen eine Pyren\u00e4en\u00fcberquerung anzugehen auch wenn mein Trainingszustand f\u00fcr die vielen H\u00f6henmeter eigentlich noch nicht so optimal war. In einen gebrauchten Fahrradkarton vom Radh\u00e4ndler im Ort werden [&hellip;]<\/p>\n","protected":false},"author":1,"featured_media":6127,"parent":7,"menu_order":0,"comment_status":"closed","ping_status":"closed","template":"","meta":{"ngg_post_thumbnail":0,"footnotes":""},"class_list":["post-5962","page","type-page","status-publish","has-post-thumbnail","hentry"],"jetpack_sharing_enabled":true,"_links":{"self":[{"href":"https:\/\/gothein.de\/reiseblog\/wp-json\/wp\/v2\/pages\/5962","targetHints":{"allow":["GET"]}}],"collection":[{"href":"https:\/\/gothein.de\/reiseblog\/wp-json\/wp\/v2\/pages"}],"about":[{"href":"https:\/\/gothein.de\/reiseblog\/wp-json\/wp\/v2\/types\/page"}],"author":[{"embeddable":true,"href":"https:\/\/gothein.de\/reiseblog\/wp-json\/wp\/v2\/users\/1"}],"replies":[{"embeddable":true,"href":"https:\/\/gothein.de\/reiseblog\/wp-json\/wp\/v2\/comments?post=5962"}],"version-history":[{"count":0,"href":"https:\/\/gothein.de\/reiseblog\/wp-json\/wp\/v2\/pages\/5962\/revisions"}],"up":[{"embeddable":true,"href":"https:\/\/gothein.de\/reiseblog\/wp-json\/wp\/v2\/pages\/7"}],"wp:featuredmedia":[{"embeddable":true,"href":"https:\/\/gothein.de\/reiseblog\/wp-json\/wp\/v2\/media\/6127"}],"wp:attachment":[{"href":"https:\/\/gothein.de\/reiseblog\/wp-json\/wp\/v2\/media?parent=5962"}],"curies":[{"name":"wp","href":"https:\/\/api.w.org\/{rel}","templated":true}]}}