

{"id":5640,"date":"2023-11-04T16:40:57","date_gmt":"2023-11-04T15:40:57","guid":{"rendered":"https:\/\/gothein.de\/reiseblog\/?page_id=5640"},"modified":"2023-12-16T20:35:13","modified_gmt":"2023-12-16T19:35:13","slug":"aegypten-oktober-2023","status":"publish","type":"page","link":"https:\/\/gothein.de\/reiseblog\/aegypten-oktober-2023\/","title":{"rendered":"\u00c4gypten Oktober 2023"},"content":{"rendered":"\n<p>Anfang Oktober hat uns eine Freundin kurz vor den Unruhen gefragt ob wir nicht kurzfristig an einer Reise nach \u00c4gypten mitfahren wollen und spontan war es dann auch bald gebucht. Mit etwas gemischten Gef\u00fchlen sind wird dann nach Frankfurt aufgebrochen. Von Frankfurt nach <a href=\"https:\/\/gothein.de\/reiseblog\/2023\/10\/26\/in-kairo\/\">Kairo<\/a>, einmal im Grand Nile Tower \u00fcbernachten, gef\u00fchrter Ausflug zu den Pyramiden, zur Sphinx und zum Nationalmuseum und sp\u00e4t abends nach <a href=\"https:\/\/gothein.de\/reiseblog\/2023\/10\/27\/in-assuan\/\">Assuan<\/a>. Vier \u00dcbernachtungen, drei davon auf einem Nil-Kreuzfahrtschiff <a href=\"https:\/\/gothein.de\/reiseblog\/2023\/10\/29\/von-edfu-nach-luxor\/\">\u00fcber Edfu nach Luxor<\/a> und dann noch drei N\u00e4chte in Makadi Bay  am Roten Meer.&nbsp;<\/p>\n\n\n\n<!--more-->\n\n\n\n        <div id=\"map_ol3js_1\"\n             class=\"map undefined\"\n             data-map_name=\"undefined\"\n             data-map=\"map_ol3js_1\"\n             style=\"width:100%;\n                    max-width:100%;\n                    height:450px;\n                    display:block;\n                    overflow:hidden;\n                    border:2px solid grey;\">\n          <div id=\"map_ol3js_1_popup\" class=\"ol-popup\">\n            <a href=\"#\" id=\"map_ol3js_1_popup-closer\" class=\"ol-popup-closer\"><\/a>\n            <div id=\"map_ol3js_1_popup-content\"><\/div>\n          <\/div>\n        <\/div>\n    \n\n\t\t\t\t<script type=\"text\/javascript\">\n\t\t\t\t\ttranslations['openlayer'] = \"open layer\";\n\t\t\t\t\ttranslations['openlayerAtStartup'] = \"open layer at startup\";\n\t\t\t\t\ttranslations['generateLink'] = \"Der Link zur Karte mit ausgew\u00e4hlten Overlays und angezeigtem Ausschnitt\";\n\t\t\t\t\ttranslations['shortDescription'] = \"Kurzbeschreibung\";\n\t\t\t\t\ttranslations['generatedShortCode'] = \"to get a text control link paste this code in your wordpress editor\";\n\t\t\t\t\ttranslations['closeLayer'] = \"close layer\";\n\t\t\t\t\ttranslations['cantGenerateLink'] = \"put this string in the existing map short code to control this map\";\n\t\t\t  <\/script>\n\n\n\t\t\t  <script type=\"text\/javascript\">\n\t\t\t  vectorM['map_ol3js_1'] = [];\n\t        \n        var raster = getTileLayer(\"osm\",\"NoKey\");\t\t\t\n\n\t\t\t  var map_ol3js_1 = new ol.Map({\n\t\t\t\tinteractions: ol.interaction.defaults.defaults({mouseWheelZoom:false}),\n\t\t\t\tlayers: [raster],\n\t\t\t\ttarget: \"map_ol3js_1\",\n\t\t\t\tview: new ol.View({\n\t\t\t\t  center: ol.proj.transform([32.510461,27.070997], \"EPSG:4326\", \"EPSG:3857\"),\n\t\t\t\t  zoom: 5.916046\n\t\t\t\t})\n\t\t\t  });\n\t\t\t  \n    var style0 = {\n      \"Point\": [new ol.style.Style({\n\n          image: new ol.style.Icon({\n            anchor: [0.5, 41],\n            anchorXUnits: \"fraction\",\n            anchorYUnits: \"pixels\",\n            opacity: 0.75,\n            src: \"https:\/\/gothein.de\/reiseblog\/wp-content\/plugins\/osm\/icons\/mic_blue_pinother_02.png\"\n          })\n      })],\n\n      \"LineString\": [new ol.style.Style({\n        stroke: new ol.style.Stroke({\n          color: \"blue\",\n          width: 8\n        })\n      })],\n      \"MultiLineString\": [new ol.style.Style({\n        stroke: new ol.style.Stroke({\n          color: \"blue\",\n          width: 4\n        })\n      })]\n    };\n\t\t  vectorL0 = new ol.layer.Vector({\n\n\t\t\tsource: new ol.source.Vector({\n\t\t  url:\"\/reiseblog\/wp-content\/uploads\/gpx\/2023_Egypt.kml\",\n\t\t\t  format: new ol.format.KML({ showPointNames: false})\n\t\t\t}),\n         zIndex: 92\n\t\t  });map_ol3js_1.addLayer(vectorL0);addControls2Map(map_ol3js_1,0,0,3,1,5,6,7,0,1);\nosm_addPopupClickhandler(map_ol3js_1,  \"map_ol3js_1\"); \nosm_addMouseHover(map_ol3js_1); <\/script>\n\n\n\n<p>Wir haben in kurzer Zeit viele faszinierende Sehensw\u00fcrdigkeiten gesehen und hatten ganz hervorragende F\u00fchrer mit sehr gutem Deutsch und gro\u00dfer Sachkenntnis. Dennoch sind gerade die Nil-Kreuzfahrten und die Ressorts am Roten Meer nicht so ganz das, was ich mir vorgestellt hatte. Die Besichtigungen erfolgen immer gleichzeitig mit gro\u00dfen Menschenmassen und den Diesel- oder \u00d6lverbrauch der vielen Schiffe kann man sicher hinterfragen.<\/p>\n","protected":false},"excerpt":{"rendered":"<p>Anfang Oktober hat uns eine Freundin kurz vor den Unruhen gefragt ob wir nicht kurzfristig an einer Reise nach \u00c4gypten mitfahren wollen und spontan war es dann auch bald gebucht. Mit etwas gemischten Gef\u00fchlen sind wird dann nach Frankfurt aufgebrochen. Von Frankfurt nach Kairo, einmal im Grand Nile Tower \u00fcbernachten, gef\u00fchrter Ausflug zu den Pyramiden, [&hellip;]<\/p>\n","protected":false},"author":1,"featured_media":5641,"parent":0,"menu_order":0,"comment_status":"closed","ping_status":"closed","template":"","meta":{"ngg_post_thumbnail":0,"footnotes":""},"class_list":["post-5640","page","type-page","status-publish","has-post-thumbnail","hentry"],"jetpack_sharing_enabled":true,"_links":{"self":[{"href":"https:\/\/gothein.de\/reiseblog\/wp-json\/wp\/v2\/pages\/5640","targetHints":{"allow":["GET"]}}],"collection":[{"href":"https:\/\/gothein.de\/reiseblog\/wp-json\/wp\/v2\/pages"}],"about":[{"href":"https:\/\/gothein.de\/reiseblog\/wp-json\/wp\/v2\/types\/page"}],"author":[{"embeddable":true,"href":"https:\/\/gothein.de\/reiseblog\/wp-json\/wp\/v2\/users\/1"}],"replies":[{"embeddable":true,"href":"https:\/\/gothein.de\/reiseblog\/wp-json\/wp\/v2\/comments?post=5640"}],"version-history":[{"count":0,"href":"https:\/\/gothein.de\/reiseblog\/wp-json\/wp\/v2\/pages\/5640\/revisions"}],"wp:featuredmedia":[{"embeddable":true,"href":"https:\/\/gothein.de\/reiseblog\/wp-json\/wp\/v2\/media\/5641"}],"wp:attachment":[{"href":"https:\/\/gothein.de\/reiseblog\/wp-json\/wp\/v2\/media?parent=5640"}],"curies":[{"name":"wp","href":"https:\/\/api.w.org\/{rel}","templated":true}]}}