

{"id":5270,"date":"2023-03-03T17:24:26","date_gmt":"2023-03-03T16:24:26","guid":{"rendered":"https:\/\/gothein.de\/reiseblog\/?page_id=5270"},"modified":"2023-03-03T22:47:38","modified_gmt":"2023-03-03T21:47:38","slug":"thailand-reise-2023","status":"publish","type":"page","link":"https:\/\/gothein.de\/reiseblog\/reisen\/thailand-reise-2023\/","title":{"rendered":"Thailand Reise 2023"},"content":{"rendered":"\n<p>Ende Januar 2023 sind wir f\u00fcr ein paar Wochen nach Thailand gereist und Anfang M\u00e4rz wieder zur\u00fcck gekommen. Wir haben in <a data-type=\"post_tag\" data-id=\"214\" href=\"https:\/\/gothein.de\/reiseblog\/tag\/bangkok\/\">Bangkok<\/a> gestartet. Dort haben wir uns drei Tage aufgehalten und haben noch am Ankunftstag\u00a0 einige <a data-type=\"post\" data-id=\"4995\" href=\"https:\/\/gothein.de\/reiseblog\/2023\/01\/31\/bangkok-erste-tempelrundtour\/\">erste Tempel<\/a> besichtigt. Am n\u00e4chsten Tag waren dann der gro\u00dfe <a data-type=\"post\" data-id=\"5002\" href=\"https:\/\/gothein.de\/reiseblog\/2023\/02\/01\/grosser-palast-chinatown-und-noch-ein-paar-tempel\/\">K\u00f6nigspalast<\/a>, Chinatown und weitere Tempel dran. Zuletzt brachte uns ein Longtail Boot durch verschiedene interessante <a data-type=\"post\" data-id=\"5014\" href=\"https:\/\/gothein.de\/reiseblog\/2023\/02\/02\/klongs-und-wat-arun\/\">Kan\u00e4le<\/a>, von denen ganz Bangkok durchzogen ist. <\/p>\n\n\n\n<p>Von Bangkok ging&#8217;s mit dem Zug nach <a data-type=\"post\" data-id=\"5026\" href=\"https:\/\/gothein.de\/reiseblog\/2023\/02\/03\/von-bangkok-nach-ayutthaya\/\">Ayutthaya<\/a>. In Ayutthaya wollten wir weiter mit dem Zug, der war aber voll und konnte uns nicht mitnehmen. In letzter Minute haben wir die letzen beiden Bus-Pl\u00e4tze nach <a data-type=\"post\" data-id=\"5038\" href=\"https:\/\/gothein.de\/reiseblog\/2023\/02\/05\/sukhothai\/\">Sukhothai<\/a> bekommen. Von Sukkothai sind wir wieder per Bus nach <a data-type=\"post_tag\" data-id=\"217\" href=\"https:\/\/gothein.de\/reiseblog\/tag\/lampang\/\">Lampang<\/a>. In Lampang haben wir wieder mit dem Zug Chiang Mai als Zwischenstation angesteuert und sind von dort weiter mit einem Wagen nach <a data-type=\"post_tag\" data-id=\"218\" href=\"https:\/\/gothein.de\/reiseblog\/tag\/chiang-rai\/\">Chiang Rai<\/a>. <\/p>\n\n\n\n<p>Von Chiang Rai buchten wir einen Bus  nach <a data-type=\"post_tag\" data-id=\"219\" href=\"https:\/\/gothein.de\/reiseblog\/tag\/chiang-mai\/\">Chiang Mai<\/a> zur\u00fcck. Dort haben wir uns 10 Tage aufgehalten und einige Ausfl\u00fcge gemacht. Wir waren in <a data-type=\"post_tag\" data-id=\"220\" href=\"https:\/\/gothein.de\/reiseblog\/tag\/pai\/\">Pai<\/a>, im Nationalpark <a data-type=\"post\" data-id=\"5165\" href=\"https:\/\/gothein.de\/reiseblog\/2023\/02\/17\/von-chiang-mai-zum-nationalpark-doi-inthanon\/\">Doi Inthanon<\/a> und im <a data-type=\"post\" data-id=\"5200\" href=\"https:\/\/gothein.de\/reiseblog\/2023\/02\/22\/von-chiang-mai-zum-queen-sirikit-botanical-garden\/\">botanischen Garten &#8222;Queen SiriKit&#8220;<\/a>. <\/p>\n\n\n\n<p>Von Chiang Mai sind wir dann nach <a data-type=\"post_tag\" data-id=\"223\" href=\"https:\/\/gothein.de\/reiseblog\/tag\/phuket\/\">Phuket<\/a> geflogen. Von dort haben wir eine Radtour \u00fcber <a data-type=\"post_tag\" data-id=\"224\" href=\"https:\/\/gothein.de\/reiseblog\/tag\/phang-nga\/\">Phang Nga<\/a>, <a data-type=\"post_tag\" data-id=\"225\" href=\"https:\/\/gothein.de\/reiseblog\/tag\/khao-sok\/\">Khao Sok<\/a>, <a data-type=\"post_tag\" data-id=\"226\" href=\"https:\/\/gothein.de\/reiseblog\/tag\/khao-lak\/\">Khao Lak<\/a> und zur\u00fcck nach Phuket gemacht. In Phuket haben wir dann mit dem Roller jeweils den <a data-type=\"post\" data-id=\"5250\" href=\"https:\/\/gothein.de\/reiseblog\/2023\/02\/27\/der-sueden-von-phuket\/\">S\u00fcden<\/a> und den <a data-type=\"post\" data-id=\"5258\" href=\"https:\/\/gothein.de\/reiseblog\/2023\/02\/28\/im-nordwesten-von-phuket\/\">Norden<\/a> erkundet. Das Flugzeug hat uns von Phuket dann wieder nach Bangkok gebracht, von wo dann sp\u00e4t Abends unser R\u00fcckflug nach Frankfurt los ging. <\/p>\n\n\n<link rel='stylesheet' id='osm-ol3-css-css' href='https:\/\/gothein.de\/reiseblog\/wp-content\/plugins\/osm\/js\/OL\/10.9.0\/ol.css?ver=6.8.5' type='text\/css' media='all' \/>\n<link rel='stylesheet' id='osm-ol3-ext-css-css' href='https:\/\/gothein.de\/reiseblog\/wp-content\/plugins\/osm\/css\/osm_map_v3.css?ver=6.8.5' type='text\/css' media='all' \/>\n<link rel='stylesheet' id='osm-map-css-css' href='https:\/\/gothein.de\/reiseblog\/wp-content\/plugins\/osm\/css\/osm_map.css?ver=6.8.5' type='text\/css' media='all' \/>\n<script type=\"text\/javascript\" src=\"https:\/\/gothein.de\/reiseblog\/wp-includes\/js\/dist\/vendor\/wp-polyfill.min.js?ver=3.15.0\" id=\"wp-polyfill-js\"><\/script>\n<script type=\"text\/javascript\" src=\"https:\/\/gothein.de\/reiseblog\/wp-content\/plugins\/osm\/js\/OL\/10.9.0\/ol.js?ver=10.9.0\" id=\"osm-ol3-library-js\"><\/script>\n<script type=\"text\/javascript\" src=\"https:\/\/gothein.de\/reiseblog\/wp-content\/plugins\/osm\/js\/osm-v3-plugin-lib.js?ver=1.0.0\" id=\"osm-ol3-ext-library-js\"><\/script>\n<script type=\"text\/javascript\" src=\"https:\/\/gothein.de\/reiseblog\/wp-content\/plugins\/osm\/js\/osm-metabox-events.js?ver=1.0.0\" id=\"osm-ol3-metabox-events-js\"><\/script>\n<script type=\"text\/javascript\" src=\"https:\/\/gothein.de\/reiseblog\/wp-includes\/js\/jquery\/jquery.min.js?ver=3.7.1\" id=\"jquery-core-js\"><\/script>\n<script type=\"text\/javascript\" src=\"https:\/\/gothein.de\/reiseblog\/wp-includes\/js\/jquery\/jquery-migrate.min.js?ver=3.4.1\" id=\"jquery-migrate-js\"><\/script>\n<script type=\"text\/javascript\" id=\"osm-map-startup-js-extra\">\n\/* <![CDATA[ *\/\nvar translations = {\"openlayer\":\"open layer\",\"openlayerAtStartup\":\"open layer at startup\",\"generateLink\":\"link to this map with opened layers\",\"shortDescription\":\"short description\",\"generatedShortCode\":\"to get a text control link paste this code in your wordpress editor\",\"closeLayer\":\"close layer\",\"cantGenerateLink\":\"put this string in the existing map short code to control this map\"};\n\/* ]]> *\/\n<\/script>\n<script type=\"text\/javascript\" src=\"https:\/\/gothein.de\/reiseblog\/wp-content\/plugins\/osm\/js\/osm-startup-lib.js?ver=V6.2.5\" id=\"osm-map-startup-js\"><\/script>\n\n        <div id=\"map_ol3js_1\"\n       class=\"osm-map-container undefined\"\n             data-map_name=\"undefined\"\n             data-map=\"map_ol3js_1\"\n             data-autoshow=\"no\"\n             style=\"width:100%;\n                    max-width:100%;\n                    height:450px;\n                    display:block;\n                    overflow:hidden;\n                    border:2px solid grey;\n                    position: relative;\">\n          <div id=\"map_ol3js_1_popup\" class=\"ol-popup\">\n            <a href=\"#\" id=\"map_ol3js_1_popup-closer\" class=\"ol-popup-closer\"><\/a>\n            <div id=\"map_ol3js_1_popup-content\"><\/div>\n          <\/div>\n        <\/div>\n    <script type=\"text\/javascript\">\n\t\t\t  vectorM['map_ol3js_1'] = [];\n\t        \n        var raster = getTileLayer(\"osm\",\"NoKey\");\t\t\t\n\n\t\t\t  var map_ol3js_1 = new ol.Map({\n\t\t\t\tinteractions: ol.interaction.defaults.defaults({mouseWheelZoom:false}),\n\t\t\t\tlayers: [raster],\n\t\t\t\ttarget: \"map_ol3js_1\",\n\t\t\t\tview: new ol.View({\n\t\t\t\t  center: ol.proj.transform([6.378,58.213], \"EPSG:4326\", \"EPSG:3857\"),\n\t\t\t\t  zoom: 9\n\t\t\t\t})\n\t\t\t  });\n\t\t\t  \n    var style_map_ol3js_1_0 = {\n      \"Point\": [new ol.style.Style({\n\n          image: new ol.style.Icon({\n            anchor: [0.5, 41],\n            anchorXUnits: \"fraction\",\n            anchorYUnits: \"pixels\",\n            opacity: 0.75,\n            src: \"https:\/\/gothein.de\/reiseblog\/wp-content\/plugins\/osm\/icons\/mic_blue_pinother_02.png\"\n          })\n      })],\n\n      \"LineString\": [new ol.style.Style({\n        stroke: new ol.style.Stroke({\n          color: \"none\",\n          width: 8\n        })\n      })],\n      \"MultiLineString\": [new ol.style.Style({\n        stroke: new ol.style.Stroke({\n          color: \"none\",\n          width: 4\n        })\n      })]\n    };\n\t\t  vectorL0 = new ol.layer.Vector({\n\n\t\t\tsource: new ol.source.Vector({\n\t\t  url:\"\/reiseblog\/wp-content\/uploads\/gpx\/2023_Thailand.kml\",\n\t\t\t  format: new ol.format.KML({ showPointNames: false})\n\t\t\t}),\n         zIndex: 92\n\t\t  });map_ol3js_1.addLayer(vectorL0);\n      var extension1 = ol.extent.createEmpty();\n      var curZoom1 = map_ol3js_1.getView().getZoom();\n\n      map_ol3js_1.getLayers().forEach(function(layer){\n         if(!layer.get(\"id\")) {     \n            layer.once(\"change\", function(e){\n               ol.extent.extend(extension1, (layer.getSource().getExtent()));\n               map_ol3js_1.getView().fit(extension1, {padding: [50, 50, 50, 50]});\n            });\n         }\n      });\n\n    \naddControls2Map(map_ol3js_1,0,0,3,0,5,6,7,0,1);\nosm_addPopupClickhandler(map_ol3js_1,  \"map_ol3js_1\"); \nosm_addMouseHover(map_ol3js_1); <\/script>\n","protected":false},"excerpt":{"rendered":"<p>Ende Januar 2023 sind wir f\u00fcr ein paar Wochen nach Thailand gereist und Anfang M\u00e4rz wieder zur\u00fcck gekommen. Wir haben in Bangkok gestartet. Dort haben wir uns drei Tage aufgehalten und haben noch am Ankunftstag\u00a0 einige erste Tempel besichtigt. Am n\u00e4chsten Tag waren dann der gro\u00dfe K\u00f6nigspalast, Chinatown und weitere Tempel dran. Zuletzt brachte uns [&hellip;]<\/p>\n","protected":false},"author":1,"featured_media":5281,"parent":7,"menu_order":0,"comment_status":"closed","ping_status":"closed","template":"","meta":{"ngg_post_thumbnail":0,"footnotes":""},"class_list":["post-5270","page","type-page","status-publish","has-post-thumbnail","hentry"],"jetpack_sharing_enabled":true,"_links":{"self":[{"href":"https:\/\/gothein.de\/reiseblog\/wp-json\/wp\/v2\/pages\/5270","targetHints":{"allow":["GET"]}}],"collection":[{"href":"https:\/\/gothein.de\/reiseblog\/wp-json\/wp\/v2\/pages"}],"about":[{"href":"https:\/\/gothein.de\/reiseblog\/wp-json\/wp\/v2\/types\/page"}],"author":[{"embeddable":true,"href":"https:\/\/gothein.de\/reiseblog\/wp-json\/wp\/v2\/users\/1"}],"replies":[{"embeddable":true,"href":"https:\/\/gothein.de\/reiseblog\/wp-json\/wp\/v2\/comments?post=5270"}],"version-history":[{"count":0,"href":"https:\/\/gothein.de\/reiseblog\/wp-json\/wp\/v2\/pages\/5270\/revisions"}],"up":[{"embeddable":true,"href":"https:\/\/gothein.de\/reiseblog\/wp-json\/wp\/v2\/pages\/7"}],"wp:featuredmedia":[{"embeddable":true,"href":"https:\/\/gothein.de\/reiseblog\/wp-json\/wp\/v2\/media\/5281"}],"wp:attachment":[{"href":"https:\/\/gothein.de\/reiseblog\/wp-json\/wp\/v2\/media?parent=5270"}],"curies":[{"name":"wp","href":"https:\/\/api.w.org\/{rel}","templated":true}]}}