





{"id":3324,"date":"2018-08-06T13:37:31","date_gmt":"2018-08-06T11:37:31","guid":{"rendered":"http:\/\/gothein.de\/reiseblog\/?page_id=3324"},"modified":"2021-06-30T14:33:17","modified_gmt":"2021-06-30T12:33:17","slug":"usa-reise-2017","status":"publish","type":"page","link":"https:\/\/gothein.de\/reiseblog\/reisen\/usa-reise-2017\/","title":{"rendered":"USA Reise 2017"},"content":{"rendered":"<p>Im Jahr 2017 habe ich mich zu einem viermonatigen Sabbatical entschlossen, welches ich in den USA verbracht habe.<\/p>\n<p>Ende August 2017 sind wir nach Vancouver geflogen. Wir waren zwei Wochen in Kanada und haben Vancouver und Victoria an der S\u00fcdspitze von Vancouver Island gesehen.<\/p>\n<p>Am 10. September 2017 bin ich dann alleine mit dem Fahrrad los. Von Victoria ging es mit der F\u00e4hre nach Port Angeles in die USA und von dort mit dem Fahrrad durch die Bundesstaaten Washington, Oregon und Kalifornien. Der regenreichste Staat der USA, Washington hatte f\u00fcr mich kein Tr\u00f6pfchen \u00fcbrig. Daf\u00fcr traf es mich in Oregon und ich sa\u00df vier Tage in Lincoln City fest. In San Francisco habe ich ein paar Tage Pause gemacht und in Los Angeles, bzw. Venice Beach einen zus\u00e4tzlichen Tag eingelegt.<\/p>\n<p>Am 29. Oktober 2017 habe ich nach 42 Etappen mit insgesamt 3124 km die mexikanische Grenze erreicht (<a href=\"\/reiseblog\/etappen-pacific-coast\/\">Link zur tabellarischen \u00dcbersicht<\/a>).<\/p>\n<p>In San Diego, habe ich \u00fcber eine Woche Pause gemacht und konnte die fehlenden Galerien f\u00fcr San Francisco, die Central Coast und S\u00fcd &#8211; Kalifornien erg\u00e4nzen.<\/p>\n<ul>\n<li><a href=\"\/reiseblog\/vancouver-galerie\/\">Galerie Vancouver<\/a><\/li>\n<li><a href=\"\/reiseblog\/galerie-victoria\/\">Galerie Victoria<\/a><\/li>\n<li><a href=\"\/reiseblog\/galerie-washington\/\">Galerie Washington<\/a><\/li>\n<li><a href=\"\/reiseblog\/galerie-oregon\/\">Galerie Oregon (Nord bis Lincoln City)<\/a><\/li>\n<li><a href=\"\/reiseblog\/galerie-oregon2\/\">Galerie Oregon (S\u00fcd ab Lincoln City)<\/a><\/li>\n<li><a href=\"\/reiseblog\/galerie-kalifornien-nord\/\">Galerie Kalifornien Nord<\/a><\/li>\n<li><a href=\"\/reiseblog\/galerie-san-francisco\/\">Galerie San Francisco<\/a><\/li>\n<li><a href=\"\/reiseblog\/galerie-kalifornien-central\/\">Galerie Kalifornien Central Coast<\/a><\/li>\n<li><a href=\"\/reiseblog\/galerie-kalifornien-sued\/\">Galerie Kalifornien S\u00fcd<\/a><\/li>\n<\/ul>\n<p>Hier die einzelnen Etappen. Bei Klick auf den gelben Sticker, kommt ihr zum Etappenbericht.<br \/>\n\n        <div id=\"map_ol3js_1\"\n             class=\"map undefined\"\n             data-map_name=\"undefined\"\n             data-map=\"map_ol3js_1\"\n             style=\"width:100%;\n                    max-width:100%;\n                    height:450px;\n                    display:block;\n                    overflow:hidden;\n                    border:2px solid grey;\">\n          <div id=\"map_ol3js_1_popup\" class=\"ol-popup\">\n            <a href=\"#\" id=\"map_ol3js_1_popup-closer\" class=\"ol-popup-closer\"><\/a>\n            <div id=\"map_ol3js_1_popup-content\"><\/div>\n          <\/div>\n        <\/div>\n    \n\n\t\t\t\t<script type=\"text\/javascript\">\n\t\t\t\t\ttranslations['openlayer'] = \"open layer\";\n\t\t\t\t\ttranslations['openlayerAtStartup'] = \"open layer at startup\";\n\t\t\t\t\ttranslations['generateLink'] = \"Der Link zur Karte mit ausgew\u00e4hlten Overlays und angezeigtem Ausschnitt\";\n\t\t\t\t\ttranslations['shortDescription'] = \"Kurzbeschreibung\";\n\t\t\t\t\ttranslations['generatedShortCode'] = \"to get a text control link paste this code in your wordpress editor\";\n\t\t\t\t\ttranslations['closeLayer'] = \"close layer\";\n\t\t\t\t\ttranslations['cantGenerateLink'] = \"put this string in the existing map short code to control this map\";\n\t\t\t  <\/script>\n\n\n\t\t\t  <script type=\"text\/javascript\">\n\t\t\t  vectorM['map_ol3js_1'] = [];\n\t        \n        var raster = getTileLayer(\"osm\",\"NoKey\");\t\t\t\n\n\t\t\t  var map_ol3js_1 = new ol.Map({\n\t\t\t\tinteractions: ol.interaction.defaults.defaults({mouseWheelZoom:false}),\n\t\t\t\tlayers: [raster],\n\t\t\t\ttarget: \"map_ol3js_1\",\n\t\t\t\tview: new ol.View({\n\t\t\t\t  center: ol.proj.transform([-122.463,36.249], \"EPSG:4326\", \"EPSG:3857\"),\n\t\t\t\t  zoom: 6\n\t\t\t\t})\n\t\t\t  });\n\t\t\t  \n    var style0 = {\n      \"Point\": [new ol.style.Style({\n\n          image: new ol.style.Icon({\n            anchor: [0.5, 41],\n            anchorXUnits: \"fraction\",\n            anchorYUnits: \"pixels\",\n            opacity: 0.75,\n            src: \"https:\/\/gothein.de\/reiseblog\/wp-content\/plugins\/osm\/icons\/mic_blue_pinother_02.png\"\n          })\n      })],\n\n      \"LineString\": [new ol.style.Style({\n        stroke: new ol.style.Stroke({\n          color: \"blue\",\n          width: 8\n        })\n      })],\n      \"MultiLineString\": [new ol.style.Style({\n        stroke: new ol.style.Stroke({\n          color: \"blue\",\n          width: 4\n        })\n      })]\n    };\n\t\t  vectorL0 = new ol.layer.Vector({\n\n\t\t\tsource: new ol.source.Vector({\n\t\t  url:\"\/reiseblog\/wp-content\/uploads\/gpx\/reise1.kml\",\n\t\t\t  format: new ol.format.KML({ showPointNames: false})\n\t\t\t}),\n         zIndex: 92\n\t\t  });map_ol3js_1.addLayer(vectorL0);addControls2Map(map_ol3js_1,0,0,3,0,5,6,7,0,1);\nosm_addPopupClickhandler(map_ol3js_1,  \"map_ol3js_1\"); \nosm_addMouseHover(map_ol3js_1); <\/script><\/p>\n<p>Am Mittwoch, dem 8.11.2017 verlasse ich San Diego und es beginnt der zweite Teil der Reise. Ich habe mir einen Wagen gemietet, meine Packtaschen und mein Fahrrad hinten rein gepackt und fahre Richtung Arizona. Das n\u00e4chste Ziel ist der Grand Canyon. Von dort geht es weiter \u00fcber Page in Nord-Arizona zum Bryce Canyon in Utah. In St. George in Utah mache ich eine Nacht Zwischenstation und erreiche am n\u00e4chsten Tag Las Vegas. Dort bleibe ich f\u00fcr eine Nacht und fahre mit Zwischenstation in Bakersfield zum Yosemite Park. Von dort \u00fcber Santa Clara und Santa Cruz zum Flughafen von San Francisco, von wo ich am 21. November 2017 nach Mauii, Hawaii fliege.<br \/>\n\n        <div id=\"map_ol3js_2\"\n             class=\"map undefined\"\n             data-map_name=\"undefined\"\n             data-map=\"map_ol3js_2\"\n             style=\"width:100%;\n                    max-width:100%;\n                    height:450px;\n                    display:block;\n                    overflow:hidden;\n                    border:2px solid grey;\">\n          <div id=\"map_ol3js_2_popup\" class=\"ol-popup\">\n            <a href=\"#\" id=\"map_ol3js_2_popup-closer\" class=\"ol-popup-closer\"><\/a>\n            <div id=\"map_ol3js_2_popup-content\"><\/div>\n          <\/div>\n        <\/div>\n    \n\n\t\t\t\t<script type=\"text\/javascript\">\n\t\t\t\t\ttranslations['openlayer'] = \"open layer\";\n\t\t\t\t\ttranslations['openlayerAtStartup'] = \"open layer at startup\";\n\t\t\t\t\ttranslations['generateLink'] = \"Der Link zur Karte mit ausgew\u00e4hlten Overlays und angezeigtem Ausschnitt\";\n\t\t\t\t\ttranslations['shortDescription'] = \"Kurzbeschreibung\";\n\t\t\t\t\ttranslations['generatedShortCode'] = \"to get a text control link paste this code in your wordpress editor\";\n\t\t\t\t\ttranslations['closeLayer'] = \"close layer\";\n\t\t\t\t\ttranslations['cantGenerateLink'] = \"put this string in the existing map short code to control this map\";\n\t\t\t  <\/script>\n\n\n\t\t\t  <script type=\"text\/javascript\">\n\t\t\t  vectorM['map_ol3js_2'] = [];\n\t        \n        var raster = getTileLayer(\"osm\",\"NoKey\");\t\t\t\n\n\t\t\t  var map_ol3js_2 = new ol.Map({\n\t\t\t\tinteractions: ol.interaction.defaults.defaults({mouseWheelZoom:false}),\n\t\t\t\tlayers: [raster],\n\t\t\t\ttarget: \"map_ol3js_2\",\n\t\t\t\tview: new ol.View({\n\t\t\t\t  center: ol.proj.transform([-116.538,35.874], \"EPSG:4326\", \"EPSG:3857\"),\n\t\t\t\t  zoom: 6\n\t\t\t\t})\n\t\t\t  });\n\t\t\t  \n    var style0 = {\n      \"Point\": [new ol.style.Style({\n\n          image: new ol.style.Icon({\n            anchor: [0.5, 41],\n            anchorXUnits: \"fraction\",\n            anchorYUnits: \"pixels\",\n            opacity: 0.75,\n            src: \"https:\/\/gothein.de\/reiseblog\/wp-content\/plugins\/osm\/icons\/mic_blue_pinother_02.png\"\n          })\n      })],\n\n      \"LineString\": [new ol.style.Style({\n        stroke: new ol.style.Stroke({\n          color: \"blue\",\n          width: 8\n        })\n      })],\n      \"MultiLineString\": [new ol.style.Style({\n        stroke: new ol.style.Stroke({\n          color: \"blue\",\n          width: 4\n        })\n      })]\n    };\n\t\t  vectorL0 = new ol.layer.Vector({\n\n\t\t\tsource: new ol.source.Vector({\n\t\t  url:\"\/reiseblog\/wp-content\/uploads\/gpx\/reise2.kml\",\n\t\t\t  format: new ol.format.KML({ showPointNames: false})\n\t\t\t}),\n         zIndex: 92\n\t\t  });map_ol3js_2.addLayer(vectorL0);addControls2Map(map_ol3js_2,0,0,3,0,5,6,7,0,1);\nosm_addPopupClickhandler(map_ol3js_2,  \"map_ol3js_2\"); \nosm_addMouseHover(map_ol3js_2); <\/script><br \/>\nIn Hawaii beginnt der dritte Teil der Reise. Zun\u00e4chst bleibe ich zwei Tage auf Mauii um dann an Thanksgiving nach Molokai zu fliegen und dort Tochter(2) und ihre Freundinnen zu treffen. Wir verbringen vier ruhige Tage auf dieser Insel. Zur\u00fcck auf Mauii machte mir das Wetter teilweise einen Strich durch meine Radtourpl\u00e4ne. Trotz des wechselhaften Wetter konnte ich ein paar Touren machen, allerdings war die Tour auf den Haleakala, den 3000 Meter hohen erloschenen Vulkan ziemlich verregnet.<\/p>\n<p>Am 4. Dezember bin ich nach Honolulu geflogen, war da in einem sch\u00f6nen Appartement in Waikiki und habe drei sch\u00f6ne Radtouren gemacht. Am 11. Dezember kamen A. und Tochter(1) und wir haben nun zu viert Honolulu und Oahu erkundet, bevor wir nach Hilo, Big Island geflogen sind um dort Vulkane und Wasserf\u00e4lle zu besichtigen. Anschlie\u00dfend sind wir nach Kailua-Kona gewechselt. Die n\u00e4chste Insel, die wir nach einer Woche auf Big Island angesteuert haben, war Kauai. Dort hatten wir zun\u00e4chst im Norden in Princeville ein Appartement, wo wir Weinachten feiern und dann im S\u00fcden im Poipu. Am 29.12. geht es \u00fcber Silvester wieder zur\u00fcck nach Honolulu und am 1.1. endet diese Reise. Wir fliegen nach Frankfurt zur\u00fcck.<\/p>\n\n        <div id=\"map_ol3js_3\"\n             class=\"map undefined\"\n             data-map_name=\"undefined\"\n             data-map=\"map_ol3js_3\"\n             style=\"width:100%;\n                    max-width:100%;\n                    height:450px;\n                    display:block;\n                    overflow:hidden;\n                    border:2px solid grey;\">\n          <div id=\"map_ol3js_3_popup\" class=\"ol-popup\">\n            <a href=\"#\" id=\"map_ol3js_3_popup-closer\" class=\"ol-popup-closer\"><\/a>\n            <div id=\"map_ol3js_3_popup-content\"><\/div>\n          <\/div>\n        <\/div>\n    \n\n\t\t\t\t<script type=\"text\/javascript\">\n\t\t\t\t\ttranslations['openlayer'] = \"open layer\";\n\t\t\t\t\ttranslations['openlayerAtStartup'] = \"open layer at startup\";\n\t\t\t\t\ttranslations['generateLink'] = \"Der Link zur Karte mit ausgew\u00e4hlten Overlays und angezeigtem Ausschnitt\";\n\t\t\t\t\ttranslations['shortDescription'] = \"Kurzbeschreibung\";\n\t\t\t\t\ttranslations['generatedShortCode'] = \"to get a text control link paste this code in your wordpress editor\";\n\t\t\t\t\ttranslations['closeLayer'] = \"close layer\";\n\t\t\t\t\ttranslations['cantGenerateLink'] = \"put this string in the existing map short code to control this map\";\n\t\t\t  <\/script>\n\n\n\t\t\t  <script type=\"text\/javascript\">\n\t\t\t  vectorM['map_ol3js_3'] = [];\n\t        \n        var raster = getTileLayer(\"osm\",\"NoKey\");\t\t\t\n\n\t\t\t  var map_ol3js_3 = new ol.Map({\n\t\t\t\tinteractions: ol.interaction.defaults.defaults({mouseWheelZoom:false}),\n\t\t\t\tlayers: [raster],\n\t\t\t\ttarget: \"map_ol3js_3\",\n\t\t\t\tview: new ol.View({\n\t\t\t\t  center: ol.proj.transform([-157.525,20.386], \"EPSG:4326\", \"EPSG:3857\"),\n\t\t\t\t  zoom: 7\n\t\t\t\t})\n\t\t\t  });\n\t\t\t  \n    var style0 = {\n      \"Point\": [new ol.style.Style({\n\n          image: new ol.style.Icon({\n            anchor: [0.5, 41],\n            anchorXUnits: \"fraction\",\n            anchorYUnits: \"pixels\",\n            opacity: 0.75,\n            src: \"https:\/\/gothein.de\/reiseblog\/wp-content\/plugins\/osm\/icons\/mic_blue_pinother_02.png\"\n          })\n      })],\n\n      \"LineString\": [new ol.style.Style({\n        stroke: new ol.style.Stroke({\n          color: \"blue\",\n          width: 8\n        })\n      })],\n      \"MultiLineString\": [new ol.style.Style({\n        stroke: new ol.style.Stroke({\n          color: \"blue\",\n          width: 4\n        })\n      })]\n    };\n\t\t  vectorL0 = new ol.layer.Vector({\n\n\t\t\tsource: new ol.source.Vector({\n\t\t  url:\"\/reiseblog\/wp-content\/uploads\/gpx\/reise3.kml\",\n\t\t\t  format: new ol.format.KML({ showPointNames: false})\n\t\t\t}),\n         zIndex: 92\n\t\t  });map_ol3js_3.addLayer(vectorL0);addControls2Map(map_ol3js_3,0,0,3,0,5,6,7,0,1);\nosm_addPopupClickhandler(map_ol3js_3,  \"map_ol3js_3\"); \nosm_addMouseHover(map_ol3js_3); <\/script>\n","protected":false},"excerpt":{"rendered":"<p>Im Jahr 2017 habe ich mich zu einem viermonatigen Sabbatical entschlossen, welches ich in den USA verbracht habe. Ende August 2017 sind wir nach Vancouver geflogen. Wir waren zwei Wochen in Kanada und haben Vancouver und Victoria an der S\u00fcdspitze von Vancouver Island gesehen. Am 10. September 2017 bin ich dann alleine mit dem Fahrrad [&hellip;]<\/p>\n","protected":false},"author":1,"featured_media":4390,"parent":7,"menu_order":0,"comment_status":"closed","ping_status":"closed","template":"","meta":{"ngg_post_thumbnail":0,"footnotes":""},"class_list":["post-3324","page","type-page","status-publish","has-post-thumbnail","hentry"],"jetpack_sharing_enabled":true,"_links":{"self":[{"href":"https:\/\/gothein.de\/reiseblog\/wp-json\/wp\/v2\/pages\/3324","targetHints":{"allow":["GET"]}}],"collection":[{"href":"https:\/\/gothein.de\/reiseblog\/wp-json\/wp\/v2\/pages"}],"about":[{"href":"https:\/\/gothein.de\/reiseblog\/wp-json\/wp\/v2\/types\/page"}],"author":[{"embeddable":true,"href":"https:\/\/gothein.de\/reiseblog\/wp-json\/wp\/v2\/users\/1"}],"replies":[{"embeddable":true,"href":"https:\/\/gothein.de\/reiseblog\/wp-json\/wp\/v2\/comments?post=3324"}],"version-history":[{"count":0,"href":"https:\/\/gothein.de\/reiseblog\/wp-json\/wp\/v2\/pages\/3324\/revisions"}],"up":[{"embeddable":true,"href":"https:\/\/gothein.de\/reiseblog\/wp-json\/wp\/v2\/pages\/7"}],"wp:featuredmedia":[{"embeddable":true,"href":"https:\/\/gothein.de\/reiseblog\/wp-json\/wp\/v2\/media\/4390"}],"wp:attachment":[{"href":"https:\/\/gothein.de\/reiseblog\/wp-json\/wp\/v2\/media?parent=3324"}],"curies":[{"name":"wp","href":"https:\/\/api.w.org\/{rel}","templated":true}]}}